{"id":184,"date":"2021-12-19T23:48:10","date_gmt":"2021-12-20T02:48:10","guid":{"rendered":"https:\/\/www.colegiolosprincipes.cl\/web\/?page_id=184"},"modified":"2025-12-23T19:54:20","modified_gmt":"2025-12-23T22:54:20","slug":"listas-de-utiles","status":"publish","type":"page","link":"https:\/\/www.colegiolosprincipes.cl\/web\/listas-de-utiles\/","title":{"rendered":"Listas de \u00datiles"},"content":{"rendered":"<p><\/p>\n<hr \/>\n<p><\/p>\n<h3>Listas de \u00fatiles 2026<\/h3>\n<div class=\"contenedor-listas\">\n<p><a href=\"https:\/\/www.colegiolosprincipes.cl\/web\/wp-content\/uploads\/2025\/12\/2026-lista-utiles-parvularia-plan-comun.pdf\" target=\"_blank\" class=\"boton-listas btn btn-lg btn-info btn-block\" rel=\"noopener noreferrer\">Ed.Parvularia &#8211; Plan com\u00fan &nbsp; &nbsp; <i class=\"fa fa-file-pdf-o\"><\/i> <small>PDF<\/small><\/a><\/p>\n<p><a href=\"https:\/\/www.colegiolosprincipes.cl\/web\/wp-content\/uploads\/2025\/12\/2026-lista-utiles-parvularia-plan-lenguaje.pdf\" target=\"_blank\" class=\"boton-listas btn btn-lg btn-info btn-block\" rel=\"noopener noreferrer\">Ed.Parvularia &#8211; Plan lenguaje &nbsp; &nbsp; <i class=\"fa fa-file-pdf-o\"><\/i> <small>PDF<\/small><\/a><\/p>\n<p><a href=\"https:\/\/www.colegiolosprincipes.cl\/web\/wp-content\/uploads\/2025\/12\/2026-lista-utiles-EB-1o-basico.pdf\" target=\"_blank\" class=\"boton-listas btn btn-lg btn-info btn-block\" rel=\"noopener noreferrer\">1\u00b0 B\u00e1sico &nbsp; &nbsp; <i class=\"fa fa-file-pdf-o\"><\/i> <small>PDF<\/small><\/a><\/p>\n<p><a href=\"https:\/\/www.colegiolosprincipes.cl\/web\/wp-content\/uploads\/2025\/12\/2026-lista-utiles-EB-2o-basico.pdf\" target=\"_blank\" class=\"boton-listas btn btn-lg btn-info btn-block\" rel=\"noopener noreferrer\">2\u00b0 B\u00e1sico &nbsp; &nbsp; <i class=\"fa fa-file-pdf-o\"><\/i> <small>PDF<\/small><\/a><\/p>\n<p><a href=\"https:\/\/www.colegiolosprincipes.cl\/web\/wp-content\/uploads\/2025\/12\/2026-lista-utiles-EB-3o-basico.pdf\" target=\"_blank\" class=\"boton-listas btn btn-lg btn-info btn-block\" rel=\"noopener noreferrer\">3\u00b0 B\u00e1sico &nbsp; &nbsp; <i class=\"fa fa-file-pdf-o\"><\/i> <small>PDF<\/small><\/a><\/p>\n<p><a href=\"https:\/\/www.colegiolosprincipes.cl\/web\/wp-content\/uploads\/2025\/12\/2026-lista-utiles-EB-4o-basico.pdf\" target=\"_blank\" class=\"boton-listas btn btn-lg btn-info btn-block\" rel=\"noopener noreferrer\">4\u00b0 B\u00e1sico &nbsp; &nbsp; <i class=\"fa fa-file-pdf-o\"><\/i> <small>PDF<\/small><\/a><\/p>\n<p><a href=\"https:\/\/www.colegiolosprincipes.cl\/web\/wp-content\/uploads\/2025\/12\/2026-lista-utiles-EB-5o-basico.pdf\" target=\"_blank\" class=\"boton-listas btn btn-lg btn-info btn-block\" rel=\"noopener noreferrer\">5\u00b0 B\u00e1sico &nbsp; &nbsp; <i class=\"fa fa-file-pdf-o\"><\/i> <small>PDF<\/small><\/a><\/p>\n<p><a href=\"https:\/\/www.colegiolosprincipes.cl\/web\/wp-content\/uploads\/2025\/12\/2026-lista-utiles-EB-6o-basico.pdf\" target=\"_blank\" class=\"boton-listas btn btn-lg btn-info btn-block\" rel=\"noopener noreferrer\">6\u00b0 B\u00e1sico &nbsp; &nbsp; <i class=\"fa fa-file-pdf-o\"><\/i> <small>PDF<\/small><\/a><\/p>\n<p><a href=\"https:\/\/www.colegiolosprincipes.cl\/web\/wp-content\/uploads\/2025\/12\/2026-lista-utiles-EB-7o-basico.pdf\" target=\"_blank\" class=\"boton-listas btn btn-lg btn-info btn-block\" rel=\"noopener noreferrer\">7\u00b0 B\u00e1sico &nbsp; &nbsp; <i class=\"fa fa-file-pdf-o\"><\/i> <small>PDF<\/small><\/a><\/p>\n<p><a href=\"https:\/\/www.colegiolosprincipes.cl\/web\/wp-content\/uploads\/2025\/12\/2026-lista-utiles-sede-hurtado-8o-a-4o-medio.pdf\" target=\"_blank\" class=\"boton-listas btn btn-lg btn-info btn-block\" rel=\"noopener noreferrer\">Sede Hurtado &#8211; 8\u00b0 B\u00e1sico a 4\u00b0 Medio &nbsp; &nbsp; <i class=\"fa fa-file-pdf-o\"><\/i> <small>PDF<\/small><\/a><\/p>\n<\/div>\n","protected":false},"excerpt":{"rendered":"<p>Listas de \u00fatiles 2026 Ed.Parvularia &#8211; Plan com\u00fan &nbsp; &nbsp; PDF Ed.Parvularia &#8211; Plan lenguaje &nbsp; &nbsp; PDF 1\u00b0 B\u00e1sico &nbsp; &nbsp; PDF 2\u00b0 B\u00e1sico &nbsp; &nbsp; PDF 3\u00b0 B\u00e1sico &nbsp; &nbsp; PDF 4\u00b0 B\u00e1sico &nbsp; &nbsp; PDF 5\u00b0 B\u00e1sico &nbsp; &nbsp; PDF 6\u00b0 B\u00e1sico &nbsp; &nbsp; PDF 7\u00b0 B\u00e1sico &nbsp; &nbsp; PDF Sede Hurtado [&hellip;]<\/p>\n","protected":false},"author":1,"featured_media":0,"parent":0,"menu_order":0,"comment_status":"closed","ping_status":"closed","template":"","meta":{"footnotes":""},"class_list":["post-184","page","type-page","status-publish","hentry"],"yoast_head":"<!-- This site is optimized with the Yoast SEO plugin v27.5 - https:\/\/yoast.com\/product\/yoast-seo-wordpress\/ -->\n<title>Listas de \u00datiles &#8212; Colegio Los Pr\u00edncipes<\/title>\n<meta name=\"robots\" content=\"index, follow, max-snippet:-1, max-image-preview:large, max-video-preview:-1\" \/>\n<link rel=\"canonical\" href=\"https:\/\/www.colegiolosprincipes.cl\/web\/listas-de-utiles\/\" \/>\n<meta property=\"og:locale\" content=\"es_ES\" \/>\n<meta property=\"og:type\" content=\"article\" \/>\n<meta property=\"og:title\" content=\"Listas de \u00datiles &#8212; Colegio Los Pr\u00edncipes\" \/>\n<meta property=\"og:description\" content=\"Listas de \u00fatiles 2026 Ed.Parvularia &#8211; Plan com\u00fan &nbsp; &nbsp; PDF Ed.Parvularia &#8211; Plan lenguaje &nbsp; &nbsp; PDF 1\u00b0 B\u00e1sico &nbsp; &nbsp; PDF 2\u00b0 B\u00e1sico &nbsp; &nbsp; PDF 3\u00b0 B\u00e1sico &nbsp; &nbsp; PDF 4\u00b0 B\u00e1sico &nbsp; &nbsp; PDF 5\u00b0 B\u00e1sico &nbsp; &nbsp; PDF 6\u00b0 B\u00e1sico &nbsp; &nbsp; PDF 7\u00b0 B\u00e1sico &nbsp; &nbsp; PDF Sede Hurtado [&hellip;]\" \/>\n<meta property=\"og:url\" content=\"https:\/\/www.colegiolosprincipes.cl\/web\/listas-de-utiles\/\" \/>\n<meta property=\"og:site_name\" content=\"Colegio Los Pr\u00edncipes\" \/>\n<meta property=\"article:publisher\" content=\"https:\/\/www.facebook.com\/ColegioLosPrincipes\/\" \/>\n<meta property=\"article:modified_time\" content=\"2025-12-23T22:54:20+00:00\" \/>\n<meta name=\"twitter:card\" content=\"summary_large_image\" \/>\n<meta name=\"twitter:label1\" content=\"Tiempo de lectura\" \/>\n\t<meta name=\"twitter:data1\" content=\"1 minuto\" \/>\n<script type=\"application\/ld+json\" class=\"yoast-schema-graph\">{\"@context\":\"https:\\\/\\\/schema.org\",\"@graph\":[{\"@type\":\"WebPage\",\"@id\":\"https:\\\/\\\/www.colegiolosprincipes.cl\\\/web\\\/listas-de-utiles\\\/\",\"url\":\"https:\\\/\\\/www.colegiolosprincipes.cl\\\/web\\\/listas-de-utiles\\\/\",\"name\":\"Listas de \u00datiles &#8212; Colegio Los Pr\u00edncipes\",\"isPartOf\":{\"@id\":\"https:\\\/\\\/www.colegiolosprincipes.cl\\\/web\\\/#website\"},\"datePublished\":\"2021-12-20T02:48:10+00:00\",\"dateModified\":\"2025-12-23T22:54:20+00:00\",\"breadcrumb\":{\"@id\":\"https:\\\/\\\/www.colegiolosprincipes.cl\\\/web\\\/listas-de-utiles\\\/#breadcrumb\"},\"inLanguage\":\"es\",\"potentialAction\":[{\"@type\":\"ReadAction\",\"target\":[\"https:\\\/\\\/www.colegiolosprincipes.cl\\\/web\\\/listas-de-utiles\\\/\"]}]},{\"@type\":\"BreadcrumbList\",\"@id\":\"https:\\\/\\\/www.colegiolosprincipes.cl\\\/web\\\/listas-de-utiles\\\/#breadcrumb\",\"itemListElement\":[{\"@type\":\"ListItem\",\"position\":1,\"name\":\"Portada\",\"item\":\"https:\\\/\\\/www.colegiolosprincipes.cl\\\/web\\\/\"},{\"@type\":\"ListItem\",\"position\":2,\"name\":\"Listas de \u00datiles\"}]},{\"@type\":\"WebSite\",\"@id\":\"https:\\\/\\\/www.colegiolosprincipes.cl\\\/web\\\/#website\",\"url\":\"https:\\\/\\\/www.colegiolosprincipes.cl\\\/web\\\/\",\"name\":\"Colegio Los Pr\u00edncipes\",\"description\":\"\",\"potentialAction\":[{\"@type\":\"SearchAction\",\"target\":{\"@type\":\"EntryPoint\",\"urlTemplate\":\"https:\\\/\\\/www.colegiolosprincipes.cl\\\/web\\\/?s={search_term_string}\"},\"query-input\":{\"@type\":\"PropertyValueSpecification\",\"valueRequired\":true,\"valueName\":\"search_term_string\"}}],\"inLanguage\":\"es\"}]}<\/script>\n<!-- \/ Yoast SEO plugin. -->","yoast_head_json":{"title":"Listas de \u00datiles &#8212; Colegio Los Pr\u00edncipes","robots":{"index":"index","follow":"follow","max-snippet":"max-snippet:-1","max-image-preview":"max-image-preview:large","max-video-preview":"max-video-preview:-1"},"canonical":"https:\/\/www.colegiolosprincipes.cl\/web\/listas-de-utiles\/","og_locale":"es_ES","og_type":"article","og_title":"Listas de \u00datiles &#8212; Colegio Los Pr\u00edncipes","og_description":"Listas de \u00fatiles 2026 Ed.Parvularia &#8211; Plan com\u00fan &nbsp; &nbsp; PDF Ed.Parvularia &#8211; Plan lenguaje &nbsp; &nbsp; PDF 1\u00b0 B\u00e1sico &nbsp; &nbsp; PDF 2\u00b0 B\u00e1sico &nbsp; &nbsp; PDF 3\u00b0 B\u00e1sico &nbsp; &nbsp; PDF 4\u00b0 B\u00e1sico &nbsp; &nbsp; PDF 5\u00b0 B\u00e1sico &nbsp; &nbsp; PDF 6\u00b0 B\u00e1sico &nbsp; &nbsp; PDF 7\u00b0 B\u00e1sico &nbsp; &nbsp; PDF Sede Hurtado [&hellip;]","og_url":"https:\/\/www.colegiolosprincipes.cl\/web\/listas-de-utiles\/","og_site_name":"Colegio Los Pr\u00edncipes","article_publisher":"https:\/\/www.facebook.com\/ColegioLosPrincipes\/","article_modified_time":"2025-12-23T22:54:20+00:00","twitter_card":"summary_large_image","twitter_misc":{"Tiempo de lectura":"1 minuto"},"schema":{"@context":"https:\/\/schema.org","@graph":[{"@type":"WebPage","@id":"https:\/\/www.colegiolosprincipes.cl\/web\/listas-de-utiles\/","url":"https:\/\/www.colegiolosprincipes.cl\/web\/listas-de-utiles\/","name":"Listas de \u00datiles &#8212; Colegio Los Pr\u00edncipes","isPartOf":{"@id":"https:\/\/www.colegiolosprincipes.cl\/web\/#website"},"datePublished":"2021-12-20T02:48:10+00:00","dateModified":"2025-12-23T22:54:20+00:00","breadcrumb":{"@id":"https:\/\/www.colegiolosprincipes.cl\/web\/listas-de-utiles\/#breadcrumb"},"inLanguage":"es","potentialAction":[{"@type":"ReadAction","target":["https:\/\/www.colegiolosprincipes.cl\/web\/listas-de-utiles\/"]}]},{"@type":"BreadcrumbList","@id":"https:\/\/www.colegiolosprincipes.cl\/web\/listas-de-utiles\/#breadcrumb","itemListElement":[{"@type":"ListItem","position":1,"name":"Portada","item":"https:\/\/www.colegiolosprincipes.cl\/web\/"},{"@type":"ListItem","position":2,"name":"Listas de \u00datiles"}]},{"@type":"WebSite","@id":"https:\/\/www.colegiolosprincipes.cl\/web\/#website","url":"https:\/\/www.colegiolosprincipes.cl\/web\/","name":"Colegio Los Pr\u00edncipes","description":"","potentialAction":[{"@type":"SearchAction","target":{"@type":"EntryPoint","urlTemplate":"https:\/\/www.colegiolosprincipes.cl\/web\/?s={search_term_string}"},"query-input":{"@type":"PropertyValueSpecification","valueRequired":true,"valueName":"search_term_string"}}],"inLanguage":"es"}]}},"_links":{"self":[{"href":"https:\/\/www.colegiolosprincipes.cl\/web\/wp-json\/wp\/v2\/pages\/184","targetHints":{"allow":["GET"]}}],"collection":[{"href":"https:\/\/www.colegiolosprincipes.cl\/web\/wp-json\/wp\/v2\/pages"}],"about":[{"href":"https:\/\/www.colegiolosprincipes.cl\/web\/wp-json\/wp\/v2\/types\/page"}],"author":[{"embeddable":true,"href":"https:\/\/www.colegiolosprincipes.cl\/web\/wp-json\/wp\/v2\/users\/1"}],"replies":[{"embeddable":true,"href":"https:\/\/www.colegiolosprincipes.cl\/web\/wp-json\/wp\/v2\/comments?post=184"}],"version-history":[{"count":6,"href":"https:\/\/www.colegiolosprincipes.cl\/web\/wp-json\/wp\/v2\/pages\/184\/revisions"}],"predecessor-version":[{"id":330,"href":"https:\/\/www.colegiolosprincipes.cl\/web\/wp-json\/wp\/v2\/pages\/184\/revisions\/330"}],"wp:attachment":[{"href":"https:\/\/www.colegiolosprincipes.cl\/web\/wp-json\/wp\/v2\/media?parent=184"}],"curies":[{"name":"wp","href":"https:\/\/api.w.org\/{rel}","templated":true}]}}