{"id":216,"date":"2022-08-26T13:54:28","date_gmt":"2022-08-26T17:54:28","guid":{"rendered":"https:\/\/www.colegiolosprincipes.cl\/web\/?page_id=216"},"modified":"2025-07-30T22:27:20","modified_gmt":"2025-07-31T02:27:20","slug":"documentos-reglamento-interno","status":"publish","type":"page","link":"https:\/\/www.colegiolosprincipes.cl\/web\/documentos-reglamento-interno\/","title":{"rendered":"Documentos &#8211; Reglamento interno"},"content":{"rendered":"<p><\/p>\n<hr \/>\n<p><\/p>\n<div class=\"contenedor-listas\">\n<p><a href=\"https:\/\/www.colegiolosprincipes.cl\/web\/wp-content\/uploads\/2025\/07\/2025-colegio-los-principes-reglamento-convivencia-20250730.pdf?v=20250730\" target=\"_blank\" class=\"boton-listas btn btn-lg btn-info btn-block\" rel=\"noopener noreferrer\">Reglamento Interno Colegio Los Pr\u00edncipes ACTUALIZADO 2025 &nbsp; &nbsp; <i class=\"fa fa-file-pdf-o\"><\/i> <small>PDF<\/small><\/a><\/p>\n<p><a href=\"https:\/\/www.colegiolosprincipes.cl\/web\/wp-content\/uploads\/2025\/07\/colegio-los-principes-2025-reglamento-evaluacion-2025.pdf\" target=\"_blank\" class=\"boton-listas btn btn-lg btn-info btn-block\" rel=\"noopener noreferrer\">Reglamento de Evaluaci\u00f3n<br \/>\ny Promoci\u00f3n Escolar 2025 &nbsp; &nbsp; <i class=\"fa fa-file-pdf-o\"><\/i> <small>PDF<\/small><\/a><\/p>\n<p><a href=\"https:\/\/www.colegiolosprincipes.cl\/web\/wp-content\/uploads\/2021\/04\/colegio-los-principes-pei-2020.pdf\" target=\"_blank\" class=\"boton-listas btn btn-lg btn-info btn-block\" rel=\"noopener noreferrer\">Proyecto educativo institucional (P.E.I.)  &nbsp; &nbsp; <i class=\"fa fa-file-pdf-o\"><\/i> <small>PDF<\/small><\/a><\/p>\n<p><a href=\"https:\/\/www.colegiolosprincipes.cl\/web\/wp-content\/uploads\/2021\/09\/colegio-los-principes-2021-plan-convivencia-escolar.pdf\" target=\"_blank\" class=\"boton-listas btn btn-lg btn-info btn-block\" rel=\"noopener noreferrer\">Plan de convivencia escolar<\/a><\/p>\n<p><a href=\"https:\/\/www.colegiolosprincipes.cl\/web\/wp-content\/uploads\/2022\/11\/2022-colegio-los-principes-plan-integral-seguridad-escolar-2022.pdf\" target=\"_blank\" class=\"boton-listas btn btn-lg btn-info btn-block\" rel=\"noopener noreferrer\">Plan integral de seguridad escolar 2022  &nbsp; &nbsp; <i class=\"fa fa-file-pdf-o\"><\/i> <small>PDF<\/small><\/a><\/p>\n<\/div>\n","protected":false},"excerpt":{"rendered":"<p>Reglamento Interno Colegio Los Pr\u00edncipes ACTUALIZADO 2025 &nbsp; &nbsp; PDF Reglamento de Evaluaci\u00f3n y Promoci\u00f3n Escolar 2025 &nbsp; &nbsp; PDF Proyecto educativo institucional (P.E.I.) &nbsp; &nbsp; PDF Plan de convivencia escolar Plan integral de seguridad escolar 2022 &nbsp; &nbsp; PDF<\/p>\n","protected":false},"author":1,"featured_media":0,"parent":0,"menu_order":0,"comment_status":"closed","ping_status":"closed","template":"","meta":{"footnotes":""},"class_list":["post-216","page","type-page","status-publish","hentry"],"yoast_head":"<!-- This site is optimized with the Yoast SEO plugin v27.4 - https:\/\/yoast.com\/product\/yoast-seo-wordpress\/ -->\n<title>Documentos - Reglamento interno &#8212; Colegio Los Pr\u00edncipes<\/title>\n<meta name=\"robots\" content=\"index, follow, max-snippet:-1, max-image-preview:large, max-video-preview:-1\" \/>\n<link rel=\"canonical\" href=\"https:\/\/www.colegiolosprincipes.cl\/web\/documentos-reglamento-interno\/\" \/>\n<meta property=\"og:locale\" content=\"es_ES\" \/>\n<meta property=\"og:type\" content=\"article\" \/>\n<meta property=\"og:title\" content=\"Documentos - Reglamento interno &#8212; Colegio Los Pr\u00edncipes\" \/>\n<meta property=\"og:description\" content=\"Reglamento Interno Colegio Los Pr\u00edncipes ACTUALIZADO 2025 &nbsp; &nbsp; PDF Reglamento de Evaluaci\u00f3n y Promoci\u00f3n Escolar 2025 &nbsp; &nbsp; PDF Proyecto educativo institucional (P.E.I.) &nbsp; &nbsp; PDF Plan de convivencia escolar Plan integral de seguridad escolar 2022 &nbsp; &nbsp; PDF\" \/>\n<meta property=\"og:url\" content=\"https:\/\/www.colegiolosprincipes.cl\/web\/documentos-reglamento-interno\/\" \/>\n<meta property=\"og:site_name\" content=\"Colegio Los Pr\u00edncipes\" \/>\n<meta property=\"article:publisher\" content=\"https:\/\/www.facebook.com\/ColegioLosPrincipes\/\" \/>\n<meta property=\"article:modified_time\" content=\"2025-07-31T02:27:20+00:00\" \/>\n<meta name=\"twitter:card\" content=\"summary_large_image\" \/>\n<meta name=\"twitter:label1\" content=\"Tiempo de lectura\" \/>\n\t<meta name=\"twitter:data1\" content=\"1 minuto\" \/>\n<script type=\"application\/ld+json\" class=\"yoast-schema-graph\">{\"@context\":\"https:\\\/\\\/schema.org\",\"@graph\":[{\"@type\":\"WebPage\",\"@id\":\"https:\\\/\\\/www.colegiolosprincipes.cl\\\/web\\\/documentos-reglamento-interno\\\/\",\"url\":\"https:\\\/\\\/www.colegiolosprincipes.cl\\\/web\\\/documentos-reglamento-interno\\\/\",\"name\":\"Documentos - Reglamento interno &#8212; Colegio Los Pr\u00edncipes\",\"isPartOf\":{\"@id\":\"https:\\\/\\\/www.colegiolosprincipes.cl\\\/web\\\/#website\"},\"datePublished\":\"2022-08-26T17:54:28+00:00\",\"dateModified\":\"2025-07-31T02:27:20+00:00\",\"breadcrumb\":{\"@id\":\"https:\\\/\\\/www.colegiolosprincipes.cl\\\/web\\\/documentos-reglamento-interno\\\/#breadcrumb\"},\"inLanguage\":\"es\",\"potentialAction\":[{\"@type\":\"ReadAction\",\"target\":[\"https:\\\/\\\/www.colegiolosprincipes.cl\\\/web\\\/documentos-reglamento-interno\\\/\"]}]},{\"@type\":\"BreadcrumbList\",\"@id\":\"https:\\\/\\\/www.colegiolosprincipes.cl\\\/web\\\/documentos-reglamento-interno\\\/#breadcrumb\",\"itemListElement\":[{\"@type\":\"ListItem\",\"position\":1,\"name\":\"Portada\",\"item\":\"https:\\\/\\\/www.colegiolosprincipes.cl\\\/web\\\/\"},{\"@type\":\"ListItem\",\"position\":2,\"name\":\"Documentos &#8211; Reglamento interno\"}]},{\"@type\":\"WebSite\",\"@id\":\"https:\\\/\\\/www.colegiolosprincipes.cl\\\/web\\\/#website\",\"url\":\"https:\\\/\\\/www.colegiolosprincipes.cl\\\/web\\\/\",\"name\":\"Colegio Los Pr\u00edncipes\",\"description\":\"\",\"potentialAction\":[{\"@type\":\"SearchAction\",\"target\":{\"@type\":\"EntryPoint\",\"urlTemplate\":\"https:\\\/\\\/www.colegiolosprincipes.cl\\\/web\\\/?s={search_term_string}\"},\"query-input\":{\"@type\":\"PropertyValueSpecification\",\"valueRequired\":true,\"valueName\":\"search_term_string\"}}],\"inLanguage\":\"es\"}]}<\/script>\n<!-- \/ Yoast SEO plugin. -->","yoast_head_json":{"title":"Documentos - Reglamento interno &#8212; Colegio Los Pr\u00edncipes","robots":{"index":"index","follow":"follow","max-snippet":"max-snippet:-1","max-image-preview":"max-image-preview:large","max-video-preview":"max-video-preview:-1"},"canonical":"https:\/\/www.colegiolosprincipes.cl\/web\/documentos-reglamento-interno\/","og_locale":"es_ES","og_type":"article","og_title":"Documentos - Reglamento interno &#8212; Colegio Los Pr\u00edncipes","og_description":"Reglamento Interno Colegio Los Pr\u00edncipes ACTUALIZADO 2025 &nbsp; &nbsp; PDF Reglamento de Evaluaci\u00f3n y Promoci\u00f3n Escolar 2025 &nbsp; &nbsp; PDF Proyecto educativo institucional (P.E.I.) &nbsp; &nbsp; PDF Plan de convivencia escolar Plan integral de seguridad escolar 2022 &nbsp; &nbsp; PDF","og_url":"https:\/\/www.colegiolosprincipes.cl\/web\/documentos-reglamento-interno\/","og_site_name":"Colegio Los Pr\u00edncipes","article_publisher":"https:\/\/www.facebook.com\/ColegioLosPrincipes\/","article_modified_time":"2025-07-31T02:27:20+00:00","twitter_card":"summary_large_image","twitter_misc":{"Tiempo de lectura":"1 minuto"},"schema":{"@context":"https:\/\/schema.org","@graph":[{"@type":"WebPage","@id":"https:\/\/www.colegiolosprincipes.cl\/web\/documentos-reglamento-interno\/","url":"https:\/\/www.colegiolosprincipes.cl\/web\/documentos-reglamento-interno\/","name":"Documentos - Reglamento interno &#8212; Colegio Los Pr\u00edncipes","isPartOf":{"@id":"https:\/\/www.colegiolosprincipes.cl\/web\/#website"},"datePublished":"2022-08-26T17:54:28+00:00","dateModified":"2025-07-31T02:27:20+00:00","breadcrumb":{"@id":"https:\/\/www.colegiolosprincipes.cl\/web\/documentos-reglamento-interno\/#breadcrumb"},"inLanguage":"es","potentialAction":[{"@type":"ReadAction","target":["https:\/\/www.colegiolosprincipes.cl\/web\/documentos-reglamento-interno\/"]}]},{"@type":"BreadcrumbList","@id":"https:\/\/www.colegiolosprincipes.cl\/web\/documentos-reglamento-interno\/#breadcrumb","itemListElement":[{"@type":"ListItem","position":1,"name":"Portada","item":"https:\/\/www.colegiolosprincipes.cl\/web\/"},{"@type":"ListItem","position":2,"name":"Documentos &#8211; Reglamento interno"}]},{"@type":"WebSite","@id":"https:\/\/www.colegiolosprincipes.cl\/web\/#website","url":"https:\/\/www.colegiolosprincipes.cl\/web\/","name":"Colegio Los Pr\u00edncipes","description":"","potentialAction":[{"@type":"SearchAction","target":{"@type":"EntryPoint","urlTemplate":"https:\/\/www.colegiolosprincipes.cl\/web\/?s={search_term_string}"},"query-input":{"@type":"PropertyValueSpecification","valueRequired":true,"valueName":"search_term_string"}}],"inLanguage":"es"}]}},"_links":{"self":[{"href":"https:\/\/www.colegiolosprincipes.cl\/web\/wp-json\/wp\/v2\/pages\/216","targetHints":{"allow":["GET"]}}],"collection":[{"href":"https:\/\/www.colegiolosprincipes.cl\/web\/wp-json\/wp\/v2\/pages"}],"about":[{"href":"https:\/\/www.colegiolosprincipes.cl\/web\/wp-json\/wp\/v2\/types\/page"}],"author":[{"embeddable":true,"href":"https:\/\/www.colegiolosprincipes.cl\/web\/wp-json\/wp\/v2\/users\/1"}],"replies":[{"embeddable":true,"href":"https:\/\/www.colegiolosprincipes.cl\/web\/wp-json\/wp\/v2\/comments?post=216"}],"version-history":[{"count":6,"href":"https:\/\/www.colegiolosprincipes.cl\/web\/wp-json\/wp\/v2\/pages\/216\/revisions"}],"predecessor-version":[{"id":328,"href":"https:\/\/www.colegiolosprincipes.cl\/web\/wp-json\/wp\/v2\/pages\/216\/revisions\/328"}],"wp:attachment":[{"href":"https:\/\/www.colegiolosprincipes.cl\/web\/wp-json\/wp\/v2\/media?parent=216"}],"curies":[{"name":"wp","href":"https:\/\/api.w.org\/{rel}","templated":true}]}}