{"id":42,"date":"2017-08-11T20:57:24","date_gmt":"2017-08-12T00:57:24","guid":{"rendered":"http:\/\/www.colegiolosprincipes.cl\/web\/?page_id=42"},"modified":"2017-08-17T20:49:58","modified_gmt":"2017-08-17T23:49:58","slug":"historia","status":"publish","type":"page","link":"https:\/\/www.colegiolosprincipes.cl\/web\/historia\/","title":{"rendered":"Historia"},"content":{"rendered":"<div class=\"row\">\n<div class=\"col-sm-6 col-sm-offset-1\">\nPresente desde el a\u00f1o 1987 en el sector de <strong>Achupallas<\/strong> inicia como <strong>Jard\u00edn Infantil Principito<\/strong>, para transformarse en el 2011 en escuela regular b\u00e1sica.<\/p>\n<p>Se caracteriza por ser una comunidad educativa familiar con los valores de la unidad y el respeto hacia el otro, siendo abierta a las diversidades.<\/p>\n<p>El <strong>Colegio Los Pr\u00edncipes<\/strong>, de r\u00e9gimen Particular Subvencionado, se adhiere al sistema de Gratuidad desde el a\u00f1o 2016, contando con educaci\u00f3n regular parvularia, especial de lenguaje parvularia y educaci\u00f3n regular b\u00e1sica con programa de integraci\u00f3n escolar.<br \/>\n<\/div>\n<div class=\"col-sm-4\">\n<img loading=\"lazy\" decoding=\"async\" src=\"http:\/\/www.colegiolosprincipes.cl\/web\/wp-content\/uploads\/2017\/08\/los-principes-antigua-1.jpg\" alt=\"\" width=\"455\" height=\"326\" class=\"alignnone size-full wp-image-109 img-responsive\" srcset=\"https:\/\/www.colegiolosprincipes.cl\/web\/wp-content\/uploads\/2017\/08\/los-principes-antigua-1.jpg 455w, https:\/\/www.colegiolosprincipes.cl\/web\/wp-content\/uploads\/2017\/08\/los-principes-antigua-1-320x229.jpg 320w\" sizes=\"auto, (max-width: 455px) 100vw, 455px\" \/><br \/>\n<img loading=\"lazy\" decoding=\"async\" src=\"http:\/\/www.colegiolosprincipes.cl\/web\/wp-content\/uploads\/2017\/08\/los-principes-antigua-2.jpg\" alt=\"\" width=\"652\" height=\"470\" class=\"alignnone size-full wp-image-110 img-responsive\" srcset=\"https:\/\/www.colegiolosprincipes.cl\/web\/wp-content\/uploads\/2017\/08\/los-principes-antigua-2.jpg 652w, https:\/\/www.colegiolosprincipes.cl\/web\/wp-content\/uploads\/2017\/08\/los-principes-antigua-2-320x231.jpg 320w\" sizes=\"auto, (max-width: 652px) 100vw, 652px\" \/><br \/>\n<\/div>\n<\/div>\n","protected":false},"excerpt":{"rendered":"","protected":false},"author":1,"featured_media":0,"parent":0,"menu_order":0,"comment_status":"closed","ping_status":"closed","template":"","meta":{"footnotes":""},"class_list":["post-42","page","type-page","status-publish","hentry"],"yoast_head":"<!-- This site is optimized with the Yoast SEO plugin v27.5 - https:\/\/yoast.com\/product\/yoast-seo-wordpress\/ -->\n<title>Historia &#8212; Colegio Los Pr\u00edncipes<\/title>\n<meta name=\"robots\" content=\"index, follow, max-snippet:-1, max-image-preview:large, max-video-preview:-1\" \/>\n<link rel=\"canonical\" href=\"https:\/\/www.colegiolosprincipes.cl\/web\/historia\/\" \/>\n<meta property=\"og:locale\" content=\"es_ES\" \/>\n<meta property=\"og:type\" content=\"article\" \/>\n<meta property=\"og:title\" content=\"Historia &#8212; Colegio Los Pr\u00edncipes\" \/>\n<meta property=\"og:url\" content=\"https:\/\/www.colegiolosprincipes.cl\/web\/historia\/\" \/>\n<meta property=\"og:site_name\" content=\"Colegio Los Pr\u00edncipes\" \/>\n<meta property=\"article:publisher\" content=\"https:\/\/www.facebook.com\/ColegioLosPrincipes\/\" \/>\n<meta property=\"article:modified_time\" content=\"2017-08-17T23:49:58+00:00\" \/>\n<meta property=\"og:image\" content=\"http:\/\/www.colegiolosprincipes.cl\/web\/wp-content\/uploads\/2017\/08\/los-principes-antigua-1.jpg\" \/>\n<meta name=\"twitter:card\" content=\"summary_large_image\" \/>\n<meta name=\"twitter:label1\" content=\"Tiempo de lectura\" \/>\n\t<meta name=\"twitter:data1\" content=\"1 minuto\" \/>\n<script type=\"application\/ld+json\" class=\"yoast-schema-graph\">{\"@context\":\"https:\\\/\\\/schema.org\",\"@graph\":[{\"@type\":\"WebPage\",\"@id\":\"https:\\\/\\\/www.colegiolosprincipes.cl\\\/web\\\/historia\\\/\",\"url\":\"https:\\\/\\\/www.colegiolosprincipes.cl\\\/web\\\/historia\\\/\",\"name\":\"Historia &#8212; Colegio Los Pr\u00edncipes\",\"isPartOf\":{\"@id\":\"https:\\\/\\\/www.colegiolosprincipes.cl\\\/web\\\/#website\"},\"primaryImageOfPage\":{\"@id\":\"https:\\\/\\\/www.colegiolosprincipes.cl\\\/web\\\/historia\\\/#primaryimage\"},\"image\":{\"@id\":\"https:\\\/\\\/www.colegiolosprincipes.cl\\\/web\\\/historia\\\/#primaryimage\"},\"thumbnailUrl\":\"http:\\\/\\\/www.colegiolosprincipes.cl\\\/web\\\/wp-content\\\/uploads\\\/2017\\\/08\\\/los-principes-antigua-1.jpg\",\"datePublished\":\"2017-08-12T00:57:24+00:00\",\"dateModified\":\"2017-08-17T23:49:58+00:00\",\"breadcrumb\":{\"@id\":\"https:\\\/\\\/www.colegiolosprincipes.cl\\\/web\\\/historia\\\/#breadcrumb\"},\"inLanguage\":\"es\",\"potentialAction\":[{\"@type\":\"ReadAction\",\"target\":[\"https:\\\/\\\/www.colegiolosprincipes.cl\\\/web\\\/historia\\\/\"]}]},{\"@type\":\"ImageObject\",\"inLanguage\":\"es\",\"@id\":\"https:\\\/\\\/www.colegiolosprincipes.cl\\\/web\\\/historia\\\/#primaryimage\",\"url\":\"https:\\\/\\\/www.colegiolosprincipes.cl\\\/web\\\/wp-content\\\/uploads\\\/2017\\\/08\\\/los-principes-antigua-1.jpg\",\"contentUrl\":\"https:\\\/\\\/www.colegiolosprincipes.cl\\\/web\\\/wp-content\\\/uploads\\\/2017\\\/08\\\/los-principes-antigua-1.jpg\",\"width\":455,\"height\":326},{\"@type\":\"BreadcrumbList\",\"@id\":\"https:\\\/\\\/www.colegiolosprincipes.cl\\\/web\\\/historia\\\/#breadcrumb\",\"itemListElement\":[{\"@type\":\"ListItem\",\"position\":1,\"name\":\"Portada\",\"item\":\"https:\\\/\\\/www.colegiolosprincipes.cl\\\/web\\\/\"},{\"@type\":\"ListItem\",\"position\":2,\"name\":\"Historia\"}]},{\"@type\":\"WebSite\",\"@id\":\"https:\\\/\\\/www.colegiolosprincipes.cl\\\/web\\\/#website\",\"url\":\"https:\\\/\\\/www.colegiolosprincipes.cl\\\/web\\\/\",\"name\":\"Colegio Los Pr\u00edncipes\",\"description\":\"\",\"potentialAction\":[{\"@type\":\"SearchAction\",\"target\":{\"@type\":\"EntryPoint\",\"urlTemplate\":\"https:\\\/\\\/www.colegiolosprincipes.cl\\\/web\\\/?s={search_term_string}\"},\"query-input\":{\"@type\":\"PropertyValueSpecification\",\"valueRequired\":true,\"valueName\":\"search_term_string\"}}],\"inLanguage\":\"es\"}]}<\/script>\n<!-- \/ Yoast SEO plugin. -->","yoast_head_json":{"title":"Historia &#8212; Colegio Los Pr\u00edncipes","robots":{"index":"index","follow":"follow","max-snippet":"max-snippet:-1","max-image-preview":"max-image-preview:large","max-video-preview":"max-video-preview:-1"},"canonical":"https:\/\/www.colegiolosprincipes.cl\/web\/historia\/","og_locale":"es_ES","og_type":"article","og_title":"Historia &#8212; Colegio Los Pr\u00edncipes","og_url":"https:\/\/www.colegiolosprincipes.cl\/web\/historia\/","og_site_name":"Colegio Los Pr\u00edncipes","article_publisher":"https:\/\/www.facebook.com\/ColegioLosPrincipes\/","article_modified_time":"2017-08-17T23:49:58+00:00","og_image":[{"url":"http:\/\/www.colegiolosprincipes.cl\/web\/wp-content\/uploads\/2017\/08\/los-principes-antigua-1.jpg","type":"","width":"","height":""}],"twitter_card":"summary_large_image","twitter_misc":{"Tiempo de lectura":"1 minuto"},"schema":{"@context":"https:\/\/schema.org","@graph":[{"@type":"WebPage","@id":"https:\/\/www.colegiolosprincipes.cl\/web\/historia\/","url":"https:\/\/www.colegiolosprincipes.cl\/web\/historia\/","name":"Historia &#8212; Colegio Los Pr\u00edncipes","isPartOf":{"@id":"https:\/\/www.colegiolosprincipes.cl\/web\/#website"},"primaryImageOfPage":{"@id":"https:\/\/www.colegiolosprincipes.cl\/web\/historia\/#primaryimage"},"image":{"@id":"https:\/\/www.colegiolosprincipes.cl\/web\/historia\/#primaryimage"},"thumbnailUrl":"http:\/\/www.colegiolosprincipes.cl\/web\/wp-content\/uploads\/2017\/08\/los-principes-antigua-1.jpg","datePublished":"2017-08-12T00:57:24+00:00","dateModified":"2017-08-17T23:49:58+00:00","breadcrumb":{"@id":"https:\/\/www.colegiolosprincipes.cl\/web\/historia\/#breadcrumb"},"inLanguage":"es","potentialAction":[{"@type":"ReadAction","target":["https:\/\/www.colegiolosprincipes.cl\/web\/historia\/"]}]},{"@type":"ImageObject","inLanguage":"es","@id":"https:\/\/www.colegiolosprincipes.cl\/web\/historia\/#primaryimage","url":"https:\/\/www.colegiolosprincipes.cl\/web\/wp-content\/uploads\/2017\/08\/los-principes-antigua-1.jpg","contentUrl":"https:\/\/www.colegiolosprincipes.cl\/web\/wp-content\/uploads\/2017\/08\/los-principes-antigua-1.jpg","width":455,"height":326},{"@type":"BreadcrumbList","@id":"https:\/\/www.colegiolosprincipes.cl\/web\/historia\/#breadcrumb","itemListElement":[{"@type":"ListItem","position":1,"name":"Portada","item":"https:\/\/www.colegiolosprincipes.cl\/web\/"},{"@type":"ListItem","position":2,"name":"Historia"}]},{"@type":"WebSite","@id":"https:\/\/www.colegiolosprincipes.cl\/web\/#website","url":"https:\/\/www.colegiolosprincipes.cl\/web\/","name":"Colegio Los Pr\u00edncipes","description":"","potentialAction":[{"@type":"SearchAction","target":{"@type":"EntryPoint","urlTemplate":"https:\/\/www.colegiolosprincipes.cl\/web\/?s={search_term_string}"},"query-input":{"@type":"PropertyValueSpecification","valueRequired":true,"valueName":"search_term_string"}}],"inLanguage":"es"}]}},"_links":{"self":[{"href":"https:\/\/www.colegiolosprincipes.cl\/web\/wp-json\/wp\/v2\/pages\/42","targetHints":{"allow":["GET"]}}],"collection":[{"href":"https:\/\/www.colegiolosprincipes.cl\/web\/wp-json\/wp\/v2\/pages"}],"about":[{"href":"https:\/\/www.colegiolosprincipes.cl\/web\/wp-json\/wp\/v2\/types\/page"}],"author":[{"embeddable":true,"href":"https:\/\/www.colegiolosprincipes.cl\/web\/wp-json\/wp\/v2\/users\/1"}],"replies":[{"embeddable":true,"href":"https:\/\/www.colegiolosprincipes.cl\/web\/wp-json\/wp\/v2\/comments?post=42"}],"version-history":[{"count":5,"href":"https:\/\/www.colegiolosprincipes.cl\/web\/wp-json\/wp\/v2\/pages\/42\/revisions"}],"predecessor-version":[{"id":112,"href":"https:\/\/www.colegiolosprincipes.cl\/web\/wp-json\/wp\/v2\/pages\/42\/revisions\/112"}],"wp:attachment":[{"href":"https:\/\/www.colegiolosprincipes.cl\/web\/wp-json\/wp\/v2\/media?parent=42"}],"curies":[{"name":"wp","href":"https:\/\/api.w.org\/{rel}","templated":true}]}}